{"id":24,"date":"2025-03-13T11:18:48","date_gmt":"2025-03-13T11:18:48","guid":{"rendered":"https:\/\/hernandezservice.cl\/?page_id=24"},"modified":"2025-03-13T20:21:23","modified_gmt":"2025-03-13T20:21:23","slug":"inicio","status":"publish","type":"page","link":"https:\/\/hernandezservice.cl\/","title":{"rendered":"Inicio"},"content":{"rendered":"\t\t<div data-elementor-type=\"wp-page\" data-elementor-id=\"24\" class=\"elementor elementor-24\">\n\t\t\t\t<div class=\"elementor-element elementor-element-758c308 e-flex e-con-boxed e-con e-parent\" data-id=\"758c308\" data-element_type=\"container\">\n\t\t\t\t\t<div class=\"e-con-inner\">\n\t\t\t\t<div class=\"elementor-element elementor-element-e770bf0 elementor-widget elementor-widget-image\" data-id=\"e770bf0\" data-element_type=\"widget\" data-widget_type=\"image.default\">\n\t\t\t\t<div class=\"elementor-widget-container\">\n\t\t\t\t\t\t\t\t\t\t\t\t\t\t\t<img fetchpriority=\"high\" decoding=\"async\" width=\"640\" height=\"359\" src=\"https:\/\/hernandezservice.cl\/wp-content\/uploads\/2025\/03\/hservice-logo-sin-fondo-768x431.png\" class=\"attachment-medium_large size-medium_large wp-image-93\" alt=\"\" srcset=\"https:\/\/hernandezservice.cl\/wp-content\/uploads\/2025\/03\/hservice-logo-sin-fondo-768x431.png 768w, https:\/\/hernandezservice.cl\/wp-content\/uploads\/2025\/03\/hservice-logo-sin-fondo-300x168.png 300w, https:\/\/hernandezservice.cl\/wp-content\/uploads\/2025\/03\/hservice-logo-sin-fondo-1024x575.png 1024w, https:\/\/hernandezservice.cl\/wp-content\/uploads\/2025\/03\/hservice-logo-sin-fondo.png 1195w\" sizes=\"(max-width: 640px) 100vw, 640px\" \/>\t\t\t\t\t\t\t\t\t\t\t\t\t\t\t<\/div>\n\t\t\t\t<\/div>\n\t\t\t\t\t<\/div>\n\t\t\t\t<\/div>\n\t\t<div class=\"elementor-element elementor-element-734b717 e-flex e-con-boxed e-con e-parent\" data-id=\"734b717\" data-element_type=\"container\">\n\t\t\t\t\t<div class=\"e-con-inner\">\n\t\t\t\t<div class=\"elementor-element elementor-element-052b0b4 elementor-widget elementor-widget-text-editor\" data-id=\"052b0b4\" data-element_type=\"widget\" data-widget_type=\"text-editor.default\">\n\t\t\t\t<div class=\"elementor-widget-container\">\n\t\t\t\t\t\t\t\t\t<h2>Soluciones R\u00e1pidas y Efectivas en Maquinaria<\/h2>\t\t\t\t\t\t\t\t<\/div>\n\t\t\t\t<\/div>\n\t\t\t\t\t<\/div>\n\t\t\t\t<\/div>\n\t\t<div class=\"elementor-element elementor-element-bb52c37 e-flex e-con-boxed e-con e-parent\" data-id=\"bb52c37\" data-element_type=\"container\">\n\t\t\t\t\t<div class=\"e-con-inner\">\n\t\t\t\t<div class=\"elementor-element elementor-element-3fea196 elementor-widget elementor-widget-text-editor\" data-id=\"3fea196\" data-element_type=\"widget\" data-widget_type=\"text-editor.default\">\n\t\t\t\t<div class=\"elementor-widget-container\">\n\t\t\t\t\t\t\t\t\t<h3>Nuestra visi\u00f3n es ser l\u00edderes en servicios de mantenimiento industrial, destacados por la rapidez y adaptaci\u00f3n a los requerimientos del cliente. La misi\u00f3n de HS es proporcionar soluciones efectivas que optimicen los procesos de producci\u00f3n<\/h3>\t\t\t\t\t\t\t\t<\/div>\n\t\t\t\t<\/div>\n\t\t\t\t\t<\/div>\n\t\t\t\t<\/div>\n\t\t<div class=\"elementor-element elementor-element-cb95ae4 e-flex e-con-boxed e-con e-parent\" data-id=\"cb95ae4\" data-element_type=\"container\">\n\t\t\t\t\t<div class=\"e-con-inner\">\n\t\t<div class=\"elementor-element elementor-element-083ad56 e-con-full e-flex e-con e-child\" data-id=\"083ad56\" data-element_type=\"container\">\n\t\t\t\t<div class=\"elementor-element elementor-element-4d1ee77 elementor-widget elementor-widget-text-editor\" data-id=\"4d1ee77\" data-element_type=\"widget\" data-widget_type=\"text-editor.default\">\n\t\t\t\t<div class=\"elementor-widget-container\">\n\t\t\t\t\t\t\t\t\t<h3>Cobertura Geogr\u00e1fica de Servicios<\/h3><h5>Nuestra cobertura geogr\u00e1fica se extiende a diversas industrias dentro de la zona sur de la Regi\u00f3n Metropolitana, ofreciendo servicios a empresas que requieren mantenimiento de maquinaria cr\u00edtica. Esto garantiza que un mayor n\u00famero de clientes pueda beneficiarse de nuestra experiencia.<\/h5><p>\u00a0<\/p><h5>Establecidos en Buin y Paine, nuestra empresa tiene una ubicaci\u00f3n estrat\u00e9gica que facilita una intervenci\u00f3n oportuna en el mantenimiento industrial. Esta proximidad a las instalaciones de los clientes es crucial para garantizar un servicio eficaz.<\/h5>\t\t\t\t\t\t\t\t<\/div>\n\t\t\t\t<\/div>\n\t\t\t\t<\/div>\n\t\t<div class=\"elementor-element elementor-element-1bb0ba2 e-con-full e-flex e-con e-child\" data-id=\"1bb0ba2\" data-element_type=\"container\">\n\t\t\t\t<div class=\"elementor-element elementor-element-f0b4edb elementor-widget elementor-widget-image\" data-id=\"f0b4edb\" data-element_type=\"widget\" data-widget_type=\"image.default\">\n\t\t\t\t<div class=\"elementor-widget-container\">\n\t\t\t\t\t\t\t\t\t\t\t\t\t\t\t<img decoding=\"async\" width=\"501\" height=\"377\" src=\"https:\/\/hernandezservice.cl\/wp-content\/uploads\/2025\/03\/cobertura.png\" class=\"attachment-large size-large wp-image-109\" alt=\"\" srcset=\"https:\/\/hernandezservice.cl\/wp-content\/uploads\/2025\/03\/cobertura.png 501w, https:\/\/hernandezservice.cl\/wp-content\/uploads\/2025\/03\/cobertura-300x226.png 300w\" sizes=\"(max-width: 501px) 100vw, 501px\" \/>\t\t\t\t\t\t\t\t\t\t\t\t\t\t\t<\/div>\n\t\t\t\t<\/div>\n\t\t\t\t<\/div>\n\t\t\t\t\t<\/div>\n\t\t\t\t<\/div>\n\t\t\t\t<\/div>\n\t\t","protected":false},"excerpt":{"rendered":"<p>Soluciones R\u00e1pidas y Efectivas en Maquinaria Nuestra visi\u00f3n es ser l\u00edderes en servicios de mantenimiento industrial, destacados por la rapidez y adaptaci\u00f3n a los requerimientos del cliente. La misi\u00f3n de HS es proporcionar soluciones efectivas que optimicen los procesos de producci\u00f3n Cobertura Geogr\u00e1fica de Servicios Nuestra cobertura geogr\u00e1fica se extiende a diversas industrias dentro de [&hellip;]<\/p>\n","protected":false},"author":1,"featured_media":0,"parent":0,"menu_order":0,"comment_status":"closed","ping_status":"closed","template":"","meta":{"footnotes":""},"class_list":["post-24","page","type-page","status-publish","hentry"],"_links":{"self":[{"href":"https:\/\/hernandezservice.cl\/index.php?rest_route=\/wp\/v2\/pages\/24","targetHints":{"allow":["GET"]}}],"collection":[{"href":"https:\/\/hernandezservice.cl\/index.php?rest_route=\/wp\/v2\/pages"}],"about":[{"href":"https:\/\/hernandezservice.cl\/index.php?rest_route=\/wp\/v2\/types\/page"}],"author":[{"embeddable":true,"href":"https:\/\/hernandezservice.cl\/index.php?rest_route=\/wp\/v2\/users\/1"}],"replies":[{"embeddable":true,"href":"https:\/\/hernandezservice.cl\/index.php?rest_route=%2Fwp%2Fv2%2Fcomments&post=24"}],"version-history":[{"count":21,"href":"https:\/\/hernandezservice.cl\/index.php?rest_route=\/wp\/v2\/pages\/24\/revisions"}],"predecessor-version":[{"id":112,"href":"https:\/\/hernandezservice.cl\/index.php?rest_route=\/wp\/v2\/pages\/24\/revisions\/112"}],"wp:attachment":[{"href":"https:\/\/hernandezservice.cl\/index.php?rest_route=%2Fwp%2Fv2%2Fmedia&parent=24"}],"curies":[{"name":"wp","href":"https:\/\/api.w.org\/{rel}","templated":true}]}}